{"id":310,"date":"2019-05-14T08:10:10","date_gmt":"2019-05-14T08:10:10","guid":{"rendered":"https:\/\/kalupa.at\/?page_id=310"},"modified":"2019-05-14T08:23:03","modified_gmt":"2019-05-14T08:23:03","slug":"hach","status":"publish","type":"page","link":"https:\/\/kalupa.at\/?page_id=310","title":{"rendered":"HACH!!"},"content":{"rendered":"<p><img loading=\"lazy\" class=\"wp-image-311 alignleft\" src=\"https:\/\/kalupa.at\/wp-content\/uploads\/2019\/05\/HACH_4-300x225.jpg\" alt=\"\" width=\"381\" height=\"286\" srcset=\"https:\/\/kalupa.at\/wp-content\/uploads\/2019\/05\/HACH_4-300x225.jpg 300w, https:\/\/kalupa.at\/wp-content\/uploads\/2019\/05\/HACH_4-768x576.jpg 768w, https:\/\/kalupa.at\/wp-content\/uploads\/2019\/05\/HACH_4-1024x768.jpg 1024w, https:\/\/kalupa.at\/wp-content\/uploads\/2019\/05\/HACH_4.jpg 1890w\" sizes=\"(max-width: 381px) 100vw, 381px\" \/>HACH!! verw\u00f6hnt mit ausgefallenen Arrangements in Jazzclub-Atmosph\u00e4re.&nbsp;Die Jazzgeschichte wird zelebriert, gro\u00dfen Diven des Jazzgesangs gehuldigt. Beatles, Joni Mitchell und Pink Floyd werden eigenm\u00e4chtig umgestaltet und&nbsp;mit lebendigen Improvisationen abgerundet.<\/p>\n<p>Ein H\u00f6rgenuss.<\/p>\n<p>HACH!! Einfach sch\u00f6n!<\/p>\n<p><strong>line up:<\/strong><br \/>\nHelene Irauschek voc<br \/>\nClemens Pechstein p<br \/>\nHubert Kalupa b<br \/>\nAlfred Vollbauer dr<\/p>\n<p>hier gehts zum <a href=\"https:\/\/kalupa.at\/?page_id=21\">Video HACH!! Live am Jazzweekend 2017<\/a><\/p>\n","protected":false},"excerpt":{"rendered":"<p>HACH!! verw\u00f6hnt mit ausgefallenen Arrangements in Jazzclub-Atmosph\u00e4re.&nbsp;Die Jazzgeschichte wird zelebriert, gro\u00dfen Diven des Jazzgesangs gehuldigt. Beatles, Joni Mitchell und Pink Floyd werden eigenm\u00e4chtig umgestaltet und&nbsp;mit lebendigen Improvisationen abgerundet. Ein H\u00f6rgenuss. &#8230;<\/p>\n","protected":false},"author":1,"featured_media":0,"parent":0,"menu_order":0,"comment_status":"closed","ping_status":"closed","template":"","meta":{"ngg_post_thumbnail":0},"_links":{"self":[{"href":"https:\/\/kalupa.at\/index.php?rest_route=\/wp\/v2\/pages\/310"}],"collection":[{"href":"https:\/\/kalupa.at\/index.php?rest_route=\/wp\/v2\/pages"}],"about":[{"href":"https:\/\/kalupa.at\/index.php?rest_route=\/wp\/v2\/types\/page"}],"author":[{"embeddable":true,"href":"https:\/\/kalupa.at\/index.php?rest_route=\/wp\/v2\/users\/1"}],"replies":[{"embeddable":true,"href":"https:\/\/kalupa.at\/index.php?rest_route=%2Fwp%2Fv2%2Fcomments&post=310"}],"version-history":[{"count":13,"href":"https:\/\/kalupa.at\/index.php?rest_route=\/wp\/v2\/pages\/310\/revisions"}],"predecessor-version":[{"id":326,"href":"https:\/\/kalupa.at\/index.php?rest_route=\/wp\/v2\/pages\/310\/revisions\/326"}],"wp:attachment":[{"href":"https:\/\/kalupa.at\/index.php?rest_route=%2Fwp%2Fv2%2Fmedia&parent=310"}],"curies":[{"name":"wp","href":"https:\/\/api.w.org\/{rel}","templated":true}]}}